{"id":25,"date":"2023-04-13T08:21:42","date_gmt":"2023-04-13T08:21:42","guid":{"rendered":"http:\/\/emwebprojektai.com\/?page_id=3"},"modified":"2023-05-28T15:47:46","modified_gmt":"2023-05-28T15:47:46","slug":"privacy-policy-2","status":"publish","type":"page","link":"https:\/\/visiatsakymai.lt\/en\/privacy-policy-2\/","title":{"rendered":"Privacy policy"},"content":{"rendered":"<div data-elementor-type=\"wp-page\" data-elementor-id=\"25\" class=\"elementor elementor-25\">\n\t\t\t\t\t\t<section class=\"elementor-section elementor-top-section elementor-element elementor-element-61d0e1f elementor-section-full_width elementor-section-stretched elementor-section-height-default elementor-section-height-default\" data-id=\"61d0e1f\" data-element_type=\"section\" data-e-type=\"section\" data-settings=\"{&quot;background_background&quot;:&quot;classic&quot;,&quot;stretch_section&quot;:&quot;section-stretched&quot;}\">\n\t\t\t\t\t\t<div class=\"elementor-container elementor-column-gap-default\">\n\t\t\t\t\t<div class=\"elementor-column elementor-col-100 elementor-top-column elementor-element elementor-element-50152c4\" data-id=\"50152c4\" data-element_type=\"column\" data-e-type=\"column\">\n\t\t\t<div class=\"elementor-widget-wrap elementor-element-populated\">\n\t\t\t\t\t\t<div class=\"elementor-element elementor-element-ff22cd9 elementor-widget elementor-widget-heading\" data-id=\"ff22cd9\" data-element_type=\"widget\" data-e-type=\"widget\" data-widget_type=\"heading.default\">\n\t\t\t\t<div class=\"elementor-widget-container\">\n\t\t\t\t\t<h1 class=\"elementor-heading-title elementor-size-default\">Privacy policy<\/h1>\t\t\t\t<\/div>\n\t\t\t\t<\/div>\n\t\t\t\t\t<\/div>\n\t\t<\/div>\n\t\t\t\t\t<\/div>\n\t\t<\/section>\n\t\t\t\t<section class=\"elementor-section elementor-top-section elementor-element elementor-element-5282095 elementor-section-boxed elementor-section-height-default elementor-section-height-default\" data-id=\"5282095\" data-element_type=\"section\" data-e-type=\"section\">\n\t\t\t\t\t\t<div class=\"elementor-container elementor-column-gap-default\">\n\t\t\t\t\t<div class=\"elementor-column elementor-col-100 elementor-top-column elementor-element elementor-element-bc7a5f3\" data-id=\"bc7a5f3\" data-element_type=\"column\" data-e-type=\"column\">\n\t\t\t<div class=\"elementor-widget-wrap elementor-element-populated\">\n\t\t\t\t\t\t<div class=\"elementor-element elementor-element-1cc174e elementor-widget elementor-widget-heading\" data-id=\"1cc174e\" data-element_type=\"widget\" data-e-type=\"widget\" data-widget_type=\"heading.default\">\n\t\t\t\t<div class=\"elementor-widget-container\">\n\t\t\t\t\t<h4 class=\"elementor-heading-title elementor-size-default\">General provisions<\/h4>\t\t\t\t<\/div>\n\t\t\t\t<\/div>\n\t\t\t\t<div class=\"elementor-element elementor-element-982b38b elementor-widget elementor-widget-text-editor\" data-id=\"982b38b\" data-element_type=\"widget\" data-e-type=\"widget\" data-widget_type=\"text-editor.default\">\n\t\t\t\t<div class=\"elementor-widget-container\">\n\t\t\t\t\t\t\t\t\t<p>We are UAB &quot;Visi atkasymai&quot;, company k. 300002901, address Sukil\u0117li\u0173 pr. 75A, LT-49324 Kaunas, e-mail mail info@visiatsakymai.lt. This privacy policy describes what personal data we collect and how we process it when you use visiatsakymai.lt, the electronic store website managed by UAB &quot;Visi atsakymai&quot;. When processing your personal data, we responsibly comply with the laws and acts of the Republic of Lithuania regulating the protection of personal data. We collect only the personal data specified in this Privacy Policy and only for the purposes specified below. By using our online store and continuing to browse www.visiatsakymai.lt, you confirm that you agree to this Privacy Policy.\u00a0<\/p>\t\t\t\t\t\t\t\t<\/div>\n\t\t\t\t<\/div>\n\t\t\t\t<div class=\"elementor-element elementor-element-8fb7551 elementor-widget elementor-widget-heading\" data-id=\"8fb7551\" data-element_type=\"widget\" data-e-type=\"widget\" data-widget_type=\"heading.default\">\n\t\t\t\t<div class=\"elementor-widget-container\">\n\t\t\t\t\t<h4 class=\"elementor-heading-title elementor-size-default\">Processing of personal data<\/h4>\t\t\t\t<\/div>\n\t\t\t\t<\/div>\n\t\t\t\t<div class=\"elementor-element elementor-element-abe9703 elementor-widget elementor-widget-text-editor\" data-id=\"abe9703\" data-element_type=\"widget\" data-e-type=\"widget\" data-widget_type=\"text-editor.default\">\n\t\t\t\t<div class=\"elementor-widget-container\">\n\t\t\t\t\t\t\t\t\t<p>We collect your personal data only for specified and legal purposes and only with your consent. All personal information collected and stored is confidential and handled only by authorized personnel. We store personal data for no longer than the purposes specified below require. By submitting a request to info@visiatsakymai.lt, your personal data can be deleted.\u00a0<\/p><p><span style=\"text-decoration: underline;\">We collect your personal data for the following purposes:<\/span><\/p><ol><li>For the processing and fulfillment of orders placed by you;<\/li><li>for invoicing;<\/li><li>for smooth order submission, delivery or return;<\/li><li>respond to your requests;<\/li><li>solve problems with your order;<\/li><li>contact you;<\/li><li>for direct marketing purposes: to provide promotions, offers or discounts;<\/li><li>for the collection of statistical data;<\/li><li>to improve our services;<\/li><li>To receive your opinion or comment.<\/li><\/ol><p>When registering or placing an order, you provide us with the following personal data:<\/p><ol><li>Name surname<\/li><li>Company name<\/li><li>Phone<\/li><li>E. mail<\/li><li>Address<\/li><\/ol><p>You can change the information provided in the &quot;My Account&quot; section. By using our services, you undertake to ensure that the data provided is correct. Otherwise, your order may not be fulfilled.<\/p>\t\t\t\t\t\t\t\t<\/div>\n\t\t\t\t<\/div>\n\t\t\t\t<div class=\"elementor-element elementor-element-e5a5efb elementor-widget elementor-widget-heading\" data-id=\"e5a5efb\" data-element_type=\"widget\" data-e-type=\"widget\" data-widget_type=\"heading.default\">\n\t\t\t\t<div class=\"elementor-widget-container\">\n\t\t\t\t\t<h4 class=\"elementor-heading-title elementor-size-default\">Processing of personal data<\/h4>\t\t\t\t<\/div>\n\t\t\t\t<\/div>\n\t\t\t\t<div class=\"elementor-element elementor-element-c5d6300 elementor-widget elementor-widget-text-editor\" data-id=\"c5d6300\" data-element_type=\"widget\" data-e-type=\"widget\" data-widget_type=\"text-editor.default\">\n\t\t\t\t<div class=\"elementor-widget-container\">\n\t\t\t\t\t\t\t\t\t<p>When processing your personal data, we transfer them to other persons in certain cases. Such transfer of personal data is carried out only on a legal basis and in compliance with this privacy policy. We usually transfer your personal data if it is necessary to conclude or fulfill a contract or for other legitimate reasons. Personal data can also be transferred at your request. We may transfer personal data to data processors (service providers) whose services and\/or works we use and who process your personal data on our behalf as the data controller.\u00a0<\/p>\t\t\t\t\t\t\t\t<\/div>\n\t\t\t\t<\/div>\n\t\t\t\t<div class=\"elementor-element elementor-element-a79d33d elementor-widget elementor-widget-heading\" data-id=\"a79d33d\" data-element_type=\"widget\" data-e-type=\"widget\" data-widget_type=\"heading.default\">\n\t\t\t\t<div class=\"elementor-widget-container\">\n\t\t\t\t\t<h4 class=\"elementor-heading-title elementor-size-default\">Cookies (English &quot;Cookies&quot;)<\/h4>\t\t\t\t<\/div>\n\t\t\t\t<\/div>\n\t\t\t\t<div class=\"elementor-element elementor-element-b08b76d elementor-widget elementor-widget-text-editor\" data-id=\"b08b76d\" data-element_type=\"widget\" data-e-type=\"widget\" data-widget_type=\"text-editor.default\">\n\t\t\t\t<div class=\"elementor-widget-container\">\n\t\t\t\t\t\t\t\t\t<p>During your visit to the website, our server may save certain information on your computer, which is also known as &quot;cookies&quot;. Cookies are a small amount of textual information that is automatically created when browsing the online store and is stored on your computer or other device.\u00a0<\/p><p>We use cookies to:<\/p><ul><li>You should not have to re-enter your information on each visit;<\/li><li>to receive statistical data on the use of our services, with the help of which it would be possible to improve the technical features and content of the website.<\/li><\/ul><p>By using the settings of your internet browser, you can prohibit the browser from using &quot;cookies&quot;, but in this case, certain parts of our e-shop may not work or may not work properly.<\/p>\t\t\t\t\t\t\t\t<\/div>\n\t\t\t\t<\/div>\n\t\t\t\t<div class=\"elementor-element elementor-element-9d0c46c elementor-widget elementor-widget-heading\" data-id=\"9d0c46c\" data-element_type=\"widget\" data-e-type=\"widget\" data-widget_type=\"heading.default\">\n\t\t\t\t<div class=\"elementor-widget-container\">\n\t\t\t\t\t<h4 class=\"elementor-heading-title elementor-size-default\">Final Provisions<\/h4>\t\t\t\t<\/div>\n\t\t\t\t<\/div>\n\t\t\t\t<div class=\"elementor-element elementor-element-5e86b45 elementor-widget elementor-widget-text-editor\" data-id=\"5e86b45\" data-element_type=\"widget\" data-e-type=\"widget\" data-widget_type=\"text-editor.default\">\n\t\t\t\t<div class=\"elementor-widget-container\">\n\t\t\t\t\t\t\t\t\t<p>In order to ensure adequate protection of your personal data, we regularly review our privacy policy and may change it from time to time. After updating our privacy policy, we will inform you about the changes by publishing a notice on our website www.visiatsakymai.lt.\u00a0<\/p><p>This Privacy Policy is based on the laws and legal acts of the Republic of Lithuania regulating the protection of personal data. All disagreements are resolved by mutual agreement through negotiations. If an agreement is not possible, disputes are resolved according to the procedure established by the laws of the Republic of Lithuania.<\/p>\t\t\t\t\t\t\t\t<\/div>\n\t\t\t\t<\/div>\n\t\t\t\t\t<\/div>\n\t\t<\/div>\n\t\t\t\t\t<\/div>\n\t\t<\/section>\n\t\t\t\t<\/div>","protected":false},"excerpt":{"rendered":"<p>Privatumo politika Bendrosios nuostatos Mes esame\u00a0 UAB \u201eVisi atsakymai\u201c, \u012fmon\u0117s k. 300002901, adresas Sukil\u0117li\u0173 pr. 75A, LT-49324 Kaunas, el. pa\u0161tas info@visiatsakymai.lt. \u0160ioje privatumo politikoje apra\u0161yta, kokius asmens duomenis renkame ir kaip juos tvarkome Jums naudojantis UAB \u201eVisi atsakymai\u201c valdoma elektronin\u0117s parduotuv\u0117s svetaine visiatsakymai.lt. Tvarkydami J\u016bs\u0173 asmens duomenis, mes atsakingai laikom\u0117s LR \u012fstatym\u0173 ir akt\u0173, reglamentuojan\u010di\u0173 [&hellip;]<\/p>\n","protected":false},"author":637,"featured_media":0,"parent":0,"menu_order":0,"comment_status":"closed","ping_status":"closed","template":"","meta":{"site-sidebar-layout":"no-sidebar","site-content-layout":"page-builder","ast-site-content-layout":"default","site-content-style":"default","site-sidebar-style":"default","ast-global-header-display":"","ast-banner-title-visibility":"","ast-main-header-display":"","ast-hfb-above-header-display":"","ast-hfb-below-header-display":"","ast-hfb-mobile-header-display":"","site-post-title":"disabled","ast-breadcrumbs-content":"","ast-featured-img":"disabled","footer-sml-layout":"","ast-disable-related-posts":"","theme-transparent-header-meta":"","adv-header-id-meta":"","stick-header-meta":"","header-above-stick-meta":"","header-main-stick-meta":"","header-below-stick-meta":"","astra-migrate-meta-layouts":"default","ast-page-background-enabled":"default","ast-page-background-meta":{"desktop":{"background-color":"var(--ast-global-color-4)","background-image":"","background-repeat":"repeat","background-position":"center center","background-size":"auto","background-attachment":"scroll","background-type":"","background-media":"","overlay-type":"","overlay-color":"","overlay-opacity":"","overlay-gradient":""},"tablet":{"background-color":"","background-image":"","background-repeat":"repeat","background-position":"center center","background-size":"auto","background-attachment":"scroll","background-type":"","background-media":"","overlay-type":"","overlay-color":"","overlay-opacity":"","overlay-gradient":""},"mobile":{"background-color":"","background-image":"","background-repeat":"repeat","background-position":"center center","background-size":"auto","background-attachment":"scroll","background-type":"","background-media":"","overlay-type":"","overlay-color":"","overlay-opacity":"","overlay-gradient":""}},"ast-content-background-meta":{"desktop":{"background-color":"var(--ast-global-color-5)","background-image":"","background-repeat":"repeat","background-position":"center center","background-size":"auto","background-attachment":"scroll","background-type":"","background-media":"","overlay-type":"","overlay-color":"","overlay-opacity":"","overlay-gradient":""},"tablet":{"background-color":"var(--ast-global-color-5)","background-image":"","background-repeat":"repeat","background-position":"center center","background-size":"auto","background-attachment":"scroll","background-type":"","background-media":"","overlay-type":"","overlay-color":"","overlay-opacity":"","overlay-gradient":""},"mobile":{"background-color":"var(--ast-global-color-5)","background-image":"","background-repeat":"repeat","background-position":"center center","background-size":"auto","background-attachment":"scroll","background-type":"","background-media":"","overlay-type":"","overlay-color":"","overlay-opacity":"","overlay-gradient":""}},"footnotes":""},"class_list":["post-25","page","type-page","status-publish","hentry"],"_links":{"self":[{"href":"https:\/\/visiatsakymai.lt\/en\/wp-json\/wp\/v2\/pages\/25","targetHints":{"allow":["GET"]}}],"collection":[{"href":"https:\/\/visiatsakymai.lt\/en\/wp-json\/wp\/v2\/pages"}],"about":[{"href":"https:\/\/visiatsakymai.lt\/en\/wp-json\/wp\/v2\/types\/page"}],"author":[{"embeddable":true,"href":"https:\/\/visiatsakymai.lt\/en\/wp-json\/wp\/v2\/users\/637"}],"replies":[{"embeddable":true,"href":"https:\/\/visiatsakymai.lt\/en\/wp-json\/wp\/v2\/comments?post=25"}],"version-history":[{"count":36,"href":"https:\/\/visiatsakymai.lt\/en\/wp-json\/wp\/v2\/pages\/25\/revisions"}],"predecessor-version":[{"id":5630,"href":"https:\/\/visiatsakymai.lt\/en\/wp-json\/wp\/v2\/pages\/25\/revisions\/5630"}],"wp:attachment":[{"href":"https:\/\/visiatsakymai.lt\/en\/wp-json\/wp\/v2\/media?parent=25"}],"curies":[{"name":"wp","href":"https:\/\/api.w.org\/{rel}","templated":true}]}}