{"id":1534,"date":"2023-04-18T12:36:41","date_gmt":"2023-04-18T12:36:41","guid":{"rendered":"https:\/\/emwebprojektai.com\/?page_id=1534"},"modified":"2023-05-28T17:20:01","modified_gmt":"2023-05-28T17:20:01","slug":"registracija","status":"publish","type":"page","link":"https:\/\/visiatsakymai.lt\/en\/registracija\/","title":{"rendered":"Registration"},"content":{"rendered":"\t\t<div data-elementor-type=\"wp-page\" data-elementor-id=\"1534\" class=\"elementor elementor-1534\">\n\t\t\t\t\t\t<section class=\"elementor-section elementor-top-section elementor-element elementor-element-8149944 elementor-section-full_width elementor-section-stretched elementor-section-height-default elementor-section-height-default\" data-id=\"8149944\" data-element_type=\"section\" data-e-type=\"section\" data-settings=\"{&quot;background_background&quot;:&quot;classic&quot;,&quot;stretch_section&quot;:&quot;section-stretched&quot;}\">\n\t\t\t\t\t\t<div class=\"elementor-container elementor-column-gap-default\">\n\t\t\t\t\t<div class=\"elementor-column elementor-col-100 elementor-top-column elementor-element elementor-element-2d702d8\" data-id=\"2d702d8\" data-element_type=\"column\" data-e-type=\"column\">\n\t\t\t<div class=\"elementor-widget-wrap elementor-element-populated\">\n\t\t\t\t\t\t<div class=\"elementor-element elementor-element-3710573 elementor-widget elementor-widget-heading\" data-id=\"3710573\" data-element_type=\"widget\" data-e-type=\"widget\" data-widget_type=\"heading.default\">\n\t\t\t\t<div class=\"elementor-widget-container\">\n\t\t\t\t\t<h1 class=\"elementor-heading-title elementor-size-default\">Registracija<\/h1>\t\t\t\t<\/div>\n\t\t\t\t<\/div>\n\t\t\t\t\t<\/div>\n\t\t<\/div>\n\t\t\t\t\t<\/div>\n\t\t<\/section>\n\t\t\t\t<section class=\"elementor-section elementor-top-section elementor-element elementor-element-02b0c62 elementor-section-boxed elementor-section-height-default elementor-section-height-default\" data-id=\"02b0c62\" data-element_type=\"section\" data-e-type=\"section\">\n\t\t\t\t\t\t<div class=\"elementor-container elementor-column-gap-no\">\n\t\t\t\t\t<div class=\"elementor-column elementor-col-100 elementor-top-column elementor-element elementor-element-3c54b8b\" data-id=\"3c54b8b\" data-element_type=\"column\" data-e-type=\"column\">\n\t\t\t<div class=\"elementor-widget-wrap elementor-element-populated\">\n\t\t\t\t\t\t<div class=\"elementor-element elementor-element-5d66106 elementor-widget elementor-widget-text-editor\" data-id=\"5d66106\" data-element_type=\"widget\" data-e-type=\"widget\" data-widget_type=\"text-editor.default\">\n\t\t\t\t<div class=\"elementor-widget-container\">\n\t\t\t\t\t\t\t\t\t<p style=\"text-align: center;\"><strong>Kainas mato ir u\u017esakymo u\u017eklaus\u0105 gali i\u0161si\u0173sti tik prisijung\u0119 ar registruoti nariai.<\/strong><\/p>\t\t\t\t\t\t\t\t<\/div>\n\t\t\t\t<\/div>\n\t\t\t\t<div class=\"elementor-element elementor-element-8ed68d4 elementor-widget elementor-widget-shortcode\" data-id=\"8ed68d4\" data-element_type=\"widget\" data-e-type=\"widget\" data-widget_type=\"shortcode.default\">\n\t\t\t\t<div class=\"elementor-widget-container\">\n\t\t\t\t\t\t\t<div class=\"elementor-shortcode\">\t<div class='user-registration ur-frontend-form   ' id='user-registration-form-5762'>\n\t\t\t\t\t\t\t\t<form method='post' class='register' data-form-id=\"5762\"\n\t\t\t\tdata-enable-strength-password=\"1\" data-minimum-password-strength=\"2\"\n\t\t\t\t\t\t\t\t\t\t\t\t\t\t\t data-captcha-enabled=\"1\">\n\n\t\t\t\t<div class=\"ur-form-row\" data-row-id=\"0\">\t\t\t\t\t\t\t<div class=\"ur-form-grid ur-grid-1\"\n\t\t\t\t\t\t\t\tstyle=\"width:99%\">\n\t\t\t\t\t\t\t\t\t\t\t\t\t\t\t\t<div data-conditional-logic-enabled=\"\" data-field-id=\"radio_1685293010\" class=\"ur-field-item field-radio \" data-ref-id=\"radio_1685293010\" data-field-pattern-enabled=\"0\" data-field-pattern-value=\" \" data-field-pattern-message=\" \">\n\t\t\t\t\t\t\t\t\t\t<div class=\"form-row validate-required\" id=\"radio_1685293010_field\" data-priority=\"\" ><label for=\"Fizinis asmuo\" class=\"ur-label\">Pasirinkite: <abbr class=\"required\" title=\"required\">*<\/abbr><\/label><ul><li class=\"ur-radio-list\"><input data-rules=\"\" data-id=\"radio_1685293010\" type=\"radio\" class=\"input-radio ur-frontend-field  \" value=\"Fizinis asmuo\" name=\"radio_1685293010\" id=\"radio_1685293010_Fizinis asmuo\" required=\"required\" data-label=\"Pasirinkite:\"  \/> <label for=\"radio_1685293010_Fizinis asmuo\" class=\"radio\">Fizinis asmuo<\/label><\/li><li class=\"ur-radio-list\"><input data-rules=\"\" data-id=\"radio_1685293010\" type=\"radio\" class=\"input-radio ur-frontend-field  \" value=\"\u012emon\u0117\" name=\"radio_1685293010\" id=\"radio_1685293010_\u012emon\u0117\" required=\"required\" data-label=\"Pasirinkite:\"  \/> <label for=\"radio_1685293010_\u012emon\u0117\" class=\"radio\">\u012emon\u0117<\/label><\/li><\/ul><\/div>\t\t\t\t\t\t\t\t\t<\/div>\n\t\t\t\t\t\t\t\t\t\t\t\t\t\t\t\t\t\t<div data-conditional-logic-enabled=\"1\" data-conditional-logic-map=\"{&quot;action&quot;:&quot;show&quot;,&quot;logic_map&quot;:{&quot;type&quot;:&quot;group&quot;,&quot;logic_gate&quot;:&quot;OR&quot;,&quot;conditions&quot;:[{&quot;type&quot;:&quot;group&quot;,&quot;logic_gate&quot;:&quot;&quot;,&quot;conditions&quot;:[{&quot;type&quot;:&quot;field&quot;,&quot;triggerer_id&quot;:&quot;radio_1685293010&quot;,&quot;operator&quot;:&quot;is&quot;,&quot;value&quot;:&quot;Fizinis asmuo&quot;}]}]}}\" data-field-id=\"first_name\" class=\"ur-field-item field-first_name \" data-ref-id=\"first_name\" data-field-pattern-enabled=\"0\" data-field-pattern-value=\" \" data-field-pattern-message=\"Please provide a valid value for this field.\">\n\t\t\t\t\t\t\t\t\t\t<div class=\"form-row validate-required\" id=\"first_name_field\" data-priority=\"\" ><label for=\"first_name\" class=\"ur-label\">Vardas <abbr class=\"required\" title=\"required\">*<\/abbr><\/label> <span class=\"input-wrapper\"> <input  data-rules=\"\" data-id=\"first_name\" type=\"text\" class=\"input-text  without_icon input-text ur-frontend-field  \" name=\"first_name\" id=\"first_name\" placeholder=\"\"  value=\"\" required=\"required\" data-label=\"Vardas\" \/> <\/span> <\/div>\t\t\t\t\t\t\t\t\t<\/div>\n\t\t\t\t\t\t\t\t\t\t\t\t\t\t\t\t\t\t<div data-conditional-logic-enabled=\"1\" data-conditional-logic-map=\"{&quot;action&quot;:&quot;show&quot;,&quot;logic_map&quot;:{&quot;type&quot;:&quot;group&quot;,&quot;logic_gate&quot;:&quot;OR&quot;,&quot;conditions&quot;:[{&quot;type&quot;:&quot;group&quot;,&quot;logic_gate&quot;:&quot;&quot;,&quot;conditions&quot;:[{&quot;type&quot;:&quot;field&quot;,&quot;triggerer_id&quot;:&quot;radio_1685293010&quot;,&quot;operator&quot;:&quot;is&quot;,&quot;value&quot;:&quot;Fizinis asmuo&quot;}]}]}}\" data-field-id=\"last_name\" class=\"ur-field-item field-last_name \" data-ref-id=\"last_name\" data-field-pattern-enabled=\"0\" data-field-pattern-value=\" \" data-field-pattern-message=\"Please provide a valid value for this field.\">\n\t\t\t\t\t\t\t\t\t\t<div class=\"form-row validate-required\" id=\"last_name_field\" data-priority=\"\" ><label for=\"last_name\" class=\"ur-label\">Pavard\u0117 <abbr class=\"required\" title=\"required\">*<\/abbr><\/label> <span class=\"input-wrapper\"> <input  data-rules=\"\" data-id=\"last_name\" type=\"text\" class=\"input-text  without_icon input-text ur-frontend-field  \" name=\"last_name\" id=\"last_name\" placeholder=\"\"  value=\"\" required=\"required\" data-label=\"Pavard\u0117\" \/> <\/span> <\/div>\t\t\t\t\t\t\t\t\t<\/div>\n\t\t\t\t\t\t\t\t\t\t\t\t\t\t\t\t\t\t<div data-conditional-logic-enabled=\"1\" data-conditional-logic-map=\"{&quot;action&quot;:&quot;show&quot;,&quot;logic_map&quot;:{&quot;type&quot;:&quot;group&quot;,&quot;logic_gate&quot;:&quot;OR&quot;,&quot;conditions&quot;:[{&quot;type&quot;:&quot;group&quot;,&quot;logic_gate&quot;:&quot;&quot;,&quot;conditions&quot;:[{&quot;type&quot;:&quot;field&quot;,&quot;triggerer_id&quot;:&quot;radio_1685293010&quot;,&quot;operator&quot;:&quot;is&quot;,&quot;value&quot;:&quot;Fizinis asmuo&quot;}]}]}}\" data-field-id=\"input_box_1685293132\" class=\"ur-field-item field-text \" data-ref-id=\"input_box_1685293132\" data-field-pattern-enabled=\"0\" data-field-pattern-value=\" \" data-field-pattern-message=\"Please provide a valid value for this field.\">\n\t\t\t\t\t\t\t\t\t\t<div class=\"form-row validate-required\" id=\"input_box_1685293132_field\" data-priority=\"\" ><label for=\"input_box_1685293132\" class=\"ur-label\">Licenzijos kodas <abbr class=\"required\" title=\"required\">*<\/abbr><\/label> <span class=\"input-wrapper\"> <input  data-rules=\"\" data-id=\"input_box_1685293132\" type=\"text\" class=\"input-text  without_icon input-text ur-frontend-field  \" name=\"input_box_1685293132\" id=\"input_box_1685293132\" placeholder=\"\"  value=\"\" required=\"required\" data-label=\"Licenzijos kodas\" maxlength=\"50\" \/> <\/span> <\/div>\t\t\t\t\t\t\t\t\t<\/div>\n\t\t\t\t\t\t\t\t\t\t\t\t\t\t\t\t\t\t<div data-conditional-logic-enabled=\"1\" data-conditional-logic-map=\"{&quot;action&quot;:&quot;show&quot;,&quot;logic_map&quot;:{&quot;type&quot;:&quot;group&quot;,&quot;logic_gate&quot;:&quot;OR&quot;,&quot;conditions&quot;:[{&quot;type&quot;:&quot;group&quot;,&quot;logic_gate&quot;:&quot;&quot;,&quot;conditions&quot;:[{&quot;type&quot;:&quot;field&quot;,&quot;triggerer_id&quot;:&quot;radio_1685293010&quot;,&quot;operator&quot;:&quot;is&quot;,&quot;value&quot;:&quot;Fizinis asmuo&quot;}]}]}}\" data-field-id=\"input_box_1685293186\" class=\"ur-field-item field-text \" data-ref-id=\"input_box_1685293186\" data-field-pattern-enabled=\"0\" data-field-pattern-value=\" \" data-field-pattern-message=\"Please provide a valid value for this field.\">\n\t\t\t\t\t\t\t\t\t\t<div class=\"form-row validate-required\" id=\"input_box_1685293186_field\" data-priority=\"\" ><label for=\"input_box_1685293186\" class=\"ur-label\">Specializacija <abbr class=\"required\" title=\"required\">*<\/abbr><\/label> <span class=\"input-wrapper\"> <input  data-rules=\"\" data-id=\"input_box_1685293186\" type=\"text\" class=\"input-text  without_icon input-text ur-frontend-field  \" name=\"input_box_1685293186\" id=\"input_box_1685293186\" placeholder=\"\"  value=\"\" required=\"required\" data-label=\"Specializacija\" maxlength=\"50\" \/> <\/span> <\/div>\t\t\t\t\t\t\t\t\t<\/div>\n\t\t\t\t\t\t\t\t\t\t\t\t\t\t\t\t\t\t<div data-conditional-logic-enabled=\"1\" data-conditional-logic-map=\"{&quot;action&quot;:&quot;show&quot;,&quot;logic_map&quot;:{&quot;type&quot;:&quot;group&quot;,&quot;logic_gate&quot;:&quot;OR&quot;,&quot;conditions&quot;:[{&quot;type&quot;:&quot;group&quot;,&quot;logic_gate&quot;:&quot;&quot;,&quot;conditions&quot;:[{&quot;type&quot;:&quot;field&quot;,&quot;triggerer_id&quot;:&quot;radio_1685293010&quot;,&quot;operator&quot;:&quot;is&quot;,&quot;value&quot;:&quot;\u012emon\u0117&quot;}]}]}}\" data-field-id=\"input_box_1685293249\" class=\"ur-field-item field-text \" data-ref-id=\"input_box_1685293249\" data-field-pattern-enabled=\"0\" data-field-pattern-value=\" \" data-field-pattern-message=\"Please provide a valid value for this field.\">\n\t\t\t\t\t\t\t\t\t\t<div class=\"form-row validate-required\" id=\"input_box_1685293249_field\" data-priority=\"\" ><label for=\"input_box_1685293249\" class=\"ur-label\">\u012emon\u0117s pavadinimas <abbr class=\"required\" title=\"required\">*<\/abbr><\/label> <span class=\"input-wrapper\"> <input  data-rules=\"\" data-id=\"input_box_1685293249\" type=\"text\" class=\"input-text  without_icon input-text ur-frontend-field  \" name=\"input_box_1685293249\" id=\"input_box_1685293249\" placeholder=\"\"  value=\"\" required=\"required\" data-label=\"\u012emon\u0117s pavadinimas\" maxlength=\"50\" \/> <\/span> <\/div>\t\t\t\t\t\t\t\t\t<\/div>\n\t\t\t\t\t\t\t\t\t\t\t\t\t\t\t\t\t\t<div data-conditional-logic-enabled=\"1\" data-conditional-logic-map=\"{&quot;action&quot;:&quot;show&quot;,&quot;logic_map&quot;:{&quot;type&quot;:&quot;group&quot;,&quot;logic_gate&quot;:&quot;OR&quot;,&quot;conditions&quot;:[{&quot;type&quot;:&quot;group&quot;,&quot;logic_gate&quot;:&quot;&quot;,&quot;conditions&quot;:[{&quot;type&quot;:&quot;field&quot;,&quot;triggerer_id&quot;:&quot;radio_1685293010&quot;,&quot;operator&quot;:&quot;is&quot;,&quot;value&quot;:&quot;\u012emon\u0117&quot;}]}]}}\" data-field-id=\"input_box_1685293281\" class=\"ur-field-item field-text \" data-ref-id=\"input_box_1685293281\" data-field-pattern-enabled=\"0\" data-field-pattern-value=\" \" data-field-pattern-message=\"Please provide a valid value for this field.\">\n\t\t\t\t\t\t\t\t\t\t<div class=\"form-row validate-required\" id=\"input_box_1685293281_field\" data-priority=\"\" ><label for=\"input_box_1685293281\" class=\"ur-label\">\u012emon\u0117s kodas <abbr class=\"required\" title=\"required\">*<\/abbr><\/label> <span class=\"input-wrapper\"> <input  data-rules=\"\" data-id=\"input_box_1685293281\" type=\"text\" class=\"input-text  without_icon input-text ur-frontend-field  \" name=\"input_box_1685293281\" id=\"input_box_1685293281\" placeholder=\"\"  value=\"\" required=\"required\" data-label=\"\u012emon\u0117s kodas\" maxlength=\"50\" \/> <\/span> <\/div>\t\t\t\t\t\t\t\t\t<\/div>\n\t\t\t\t\t\t\t\t\t\t\t\t\t\t\t\t\t\t<div data-conditional-logic-enabled=\"1\" data-conditional-logic-map=\"{&quot;action&quot;:&quot;show&quot;,&quot;logic_map&quot;:{&quot;type&quot;:&quot;group&quot;,&quot;logic_gate&quot;:&quot;OR&quot;,&quot;conditions&quot;:[{&quot;type&quot;:&quot;group&quot;,&quot;logic_gate&quot;:&quot;&quot;,&quot;conditions&quot;:[{&quot;type&quot;:&quot;field&quot;,&quot;triggerer_id&quot;:&quot;radio_1685293010&quot;,&quot;operator&quot;:&quot;is&quot;,&quot;value&quot;:&quot;\u012emon\u0117&quot;}]}]}}\" data-field-id=\"input_box_1685293324\" class=\"ur-field-item field-text \" data-ref-id=\"input_box_1685293324\" data-field-pattern-enabled=\"0\" data-field-pattern-value=\" \" data-field-pattern-message=\"Please provide a valid value for this field.\">\n\t\t\t\t\t\t\t\t\t\t<div class=\"form-row validate-required\" id=\"input_box_1685293324_field\" data-priority=\"\" ><label for=\"input_box_1685293324\" class=\"ur-label\">PVM mok\u0117tojo kodas <abbr class=\"required\" title=\"required\">*<\/abbr><\/label> <span class=\"input-wrapper\"> <input  data-rules=\"\" data-id=\"input_box_1685293324\" type=\"text\" class=\"input-text  without_icon input-text ur-frontend-field  \" name=\"input_box_1685293324\" id=\"input_box_1685293324\" placeholder=\"\"  value=\"\" required=\"required\" data-label=\"PVM mok\u0117tojo kodas\" maxlength=\"50\" \/> <\/span> <\/div>\t\t\t\t\t\t\t\t\t<\/div>\n\t\t\t\t\t\t\t\t\t\t\t\t\t\t\t\t\t\t<div data-conditional-logic-enabled=\"\" data-field-id=\"user_email\" class=\"ur-field-item field-user_email \" data-ref-id=\"user_email\" data-field-pattern-enabled=\"0\" data-field-pattern-value=\" \" data-field-pattern-message=\" \">\n\t\t\t\t\t\t\t\t\t\t<div class=\"form-row validate-required\" id=\"user_email_field\" data-priority=\"\" ><label for=\"user_email\" class=\"ur-label\">El. pa\u0161tas <abbr class=\"required\" title=\"required\">*<\/abbr><\/label> <span class=\"input-wrapper\"> <input  data-rules=\"\" data-id=\"user_email\" type=\"email\" class=\"input-text  without_icon input-email ur-frontend-field  \" name=\"user_email\" id=\"user_email\" placeholder=\"\"  value=\"\" required=\"required\" data-label=\"El. pa\u0161tas\" \/> <\/span> <\/div>\t\t\t\t\t\t\t\t\t<\/div>\n\t\t\t\t\t\t\t\t\t\t\t\t\t\t\t\t\t\t<div data-conditional-logic-enabled=\"\" data-field-id=\"user_pass\" class=\"ur-field-item field-user_pass \" data-ref-id=\"user_pass\" data-field-pattern-enabled=\"0\" data-field-pattern-value=\" \" data-field-pattern-message=\"Please provide a valid value for this field.\">\n\t\t\t\t\t\t\t\t\t\t<div class=\"form-row validate-required hide_show_password\" id=\"user_pass_field\" data-priority=\"\"><label for=\"user_pass\" class=\"ur-label\">Slapta\u017eodis <abbr class=\"required\" title=\"required\">*<\/abbr><\/label> <span class=\"input-wrapper\"> <span class=\"password-input-group input-form-field-icons\"><input data-rules=\"\" data-id=\"user_pass\" type=\"password\" class=\"input-text without_icon input-password ur-frontend-field  \" name=\"user_pass\" id=\"user_pass\" placeholder=\"\"  value=\"\" required=\"required\" data-label=\"Slapta\u017eodis\" \/><\/span> <\/span> <\/div>\t\t\t\t\t\t\t\t\t<\/div>\n\t\t\t\t\t\t\t\t\t\t\t\t\t\t\t\t\t\t<div data-conditional-logic-enabled=\"\" data-field-id=\"user_confirm_password\" class=\"ur-field-item field-user_confirm_password \" data-ref-id=\"user_confirm_password\" data-field-pattern-enabled=\"0\" data-field-pattern-value=\" \" data-field-pattern-message=\" \">\n\t\t\t\t\t\t\t\t\t\t<div class=\"form-row validate-required hide_show_password\" id=\"user_confirm_password_field\" data-priority=\"\"><label for=\"user_confirm_password\" class=\"ur-label\">Patvirtinti slapta\u017eod\u012f <abbr class=\"required\" title=\"required\">*<\/abbr><\/label> <span class=\"input-wrapper\"> <span class=\"password-input-group input-form-field-icons\"><input data-rules=\"\" data-id=\"user_confirm_password\" type=\"password\" class=\"input-text without_icon input-password ur-frontend-field  \" name=\"user_confirm_password\" id=\"user_confirm_password\" placeholder=\"\"  value=\"\" required=\"required\" data-label=\"Patvirtinti slapta\u017eod\u012f\" \/><\/span> <\/span> <\/div>\t\t\t\t\t\t\t\t\t<\/div>\n\t\t\t\t\t\t\t\t\t\t\t\t\t\t\t\t<\/div>\n\t\t\t\t\t\t\t\t\t\t\t\t\t<\/div>\n\t\t\t\t\t\t\t\t\t\t\t\t<div id=\"ur-recaptcha-node\"> <div id=\"node_recaptcha_register\" class=\"g-recaptcha\"><\/div><\/div>\t\t\t\t\t\t<div class=\"ur-button-container \" >\n\t\t\t\t\t\t\t\t\t\t\t\t\t\t<button type=\"submit\" class=\"btn button ur-submit-button \"  conditional_rules=\"\">\n\t\t\t\t\t\t\t\t<span><\/span>\n\t\t\t\t\t\t\t\tRegistruotis\t\t\t\t\t\t\t<\/button>\n\t\t\t\t\t\t\t\t\t\t\t\t\t\t\t\t\t\t\t\t<\/div>\n\t\t\t\t\t\t\n\t\t\t\t<div style=\"clear:both\"><\/div>\n\t\t\t\t\t\t\t\t<input type=\"hidden\" name=\"ur-registration-language\" value=\"en-US\"\/>\n\t\t\t\t<input type=\"hidden\" name=\"ur-user-form-id\" value=\"5762\"\/>\n\t\t\t\t<input type=\"hidden\" name=\"ur-redirect-url\" value=\"https:\/\/visiatsakymai.lt\/en\/\"\/>\n\t\t\t\t<input type=\"hidden\" id=\"ur_frontend_form_nonce\" name=\"ur_frontend_form_nonce\" value=\"7d0b9c9219\" \/>\n\t\t\t\t\n\t\t\t<\/form>\n\t\t\t\n\t\t<div style=\"clear:both\"><\/div>\n\t<\/div>\n\n<\/div>\n\t\t\t\t\t\t<\/div>\n\t\t\t\t<\/div>\n\t\t\t\t\t<\/div>\n\t\t<\/div>\n\t\t\t\t\t<\/div>\n\t\t<\/section>\n\t\t\t\t<\/div>\n\t\t","protected":false},"excerpt":{"rendered":"<p>Registration Only logged in or registered members can see prices and send order requests.<\/p>","protected":false},"author":637,"featured_media":0,"parent":0,"menu_order":0,"comment_status":"closed","ping_status":"closed","template":"","meta":{"site-sidebar-layout":"no-sidebar","site-content-layout":"page-builder","ast-site-content-layout":"default","site-content-style":"default","site-sidebar-style":"default","ast-global-header-display":"","ast-banner-title-visibility":"","ast-main-header-display":"","ast-hfb-above-header-display":"","ast-hfb-below-header-display":"","ast-hfb-mobile-header-display":"","site-post-title":"disabled","ast-breadcrumbs-content":"","ast-featured-img":"disabled","footer-sml-layout":"","ast-disable-related-posts":"","theme-transparent-header-meta":"","adv-header-id-meta":"","stick-header-meta":"","header-above-stick-meta":"","header-main-stick-meta":"","header-below-stick-meta":"","astra-migrate-meta-layouts":"default","ast-page-background-enabled":"default","ast-page-background-meta":{"desktop":{"background-color":"var(--ast-global-color-4)","background-image":"","background-repeat":"repeat","background-position":"center center","background-size":"auto","background-attachment":"scroll","background-type":"","background-media":"","overlay-type":"","overlay-color":"","overlay-opacity":"","overlay-gradient":""},"tablet":{"background-color":"","background-image":"","background-repeat":"repeat","background-position":"center center","background-size":"auto","background-attachment":"scroll","background-type":"","background-media":"","overlay-type":"","overlay-color":"","overlay-opacity":"","overlay-gradient":""},"mobile":{"background-color":"","background-image":"","background-repeat":"repeat","background-position":"center center","background-size":"auto","background-attachment":"scroll","background-type":"","background-media":"","overlay-type":"","overlay-color":"","overlay-opacity":"","overlay-gradient":""}},"ast-content-background-meta":{"desktop":{"background-color":"var(--ast-global-color-5)","background-image":"","background-repeat":"repeat","background-position":"center center","background-size":"auto","background-attachment":"scroll","background-type":"","background-media":"","overlay-type":"","overlay-color":"","overlay-opacity":"","overlay-gradient":""},"tablet":{"background-color":"var(--ast-global-color-5)","background-image":"","background-repeat":"repeat","background-position":"center center","background-size":"auto","background-attachment":"scroll","background-type":"","background-media":"","overlay-type":"","overlay-color":"","overlay-opacity":"","overlay-gradient":""},"mobile":{"background-color":"var(--ast-global-color-5)","background-image":"","background-repeat":"repeat","background-position":"center center","background-size":"auto","background-attachment":"scroll","background-type":"","background-media":"","overlay-type":"","overlay-color":"","overlay-opacity":"","overlay-gradient":""}},"footnotes":""},"class_list":["post-1534","page","type-page","status-publish","hentry"],"_links":{"self":[{"href":"https:\/\/visiatsakymai.lt\/en\/wp-json\/wp\/v2\/pages\/1534","targetHints":{"allow":["GET"]}}],"collection":[{"href":"https:\/\/visiatsakymai.lt\/en\/wp-json\/wp\/v2\/pages"}],"about":[{"href":"https:\/\/visiatsakymai.lt\/en\/wp-json\/wp\/v2\/types\/page"}],"author":[{"embeddable":true,"href":"https:\/\/visiatsakymai.lt\/en\/wp-json\/wp\/v2\/users\/637"}],"replies":[{"embeddable":true,"href":"https:\/\/visiatsakymai.lt\/en\/wp-json\/wp\/v2\/comments?post=1534"}],"version-history":[{"count":27,"href":"https:\/\/visiatsakymai.lt\/en\/wp-json\/wp\/v2\/pages\/1534\/revisions"}],"predecessor-version":[{"id":5774,"href":"https:\/\/visiatsakymai.lt\/en\/wp-json\/wp\/v2\/pages\/1534\/revisions\/5774"}],"wp:attachment":[{"href":"https:\/\/visiatsakymai.lt\/en\/wp-json\/wp\/v2\/media?parent=1534"}],"curies":[{"name":"wp","href":"https:\/\/api.w.org\/{rel}","templated":true}]}}